{"id":29,"date":"2025-09-10T14:56:23","date_gmt":"2025-09-10T14:56:23","guid":{"rendered":"https:\/\/beratungsring-ev.de\/?page_id=29"},"modified":"2025-11-21T16:09:18","modified_gmt":"2025-11-21T16:09:18","slug":"ueber-uns","status":"publish","type":"page","link":"https:\/\/beratungsring-ev.de\/?page_id=29","title":{"rendered":"\u00dcber uns"},"content":{"rendered":"\t\t<div data-elementor-type=\"wp-page\" data-elementor-id=\"29\" class=\"elementor elementor-29\">\n\t\t\t\t<div class=\"elementor-element elementor-element-bbc2f0d e-con-full elementor-hidden-mobile e-flex wpr-particle-no wpr-jarallax-no wpr-parallax-no wpr-sticky-section-no e-con e-parent\" data-id=\"bbc2f0d\" data-element_type=\"container\">\n\t\t\t\t<div class=\"elementor-element elementor-element-8ba49c8 elementor-widget__width-inherit elementor-widget elementor-widget-image\" data-id=\"8ba49c8\" data-element_type=\"widget\" data-widget_type=\"image.default\">\n\t\t\t\t\t\t\t\t\t\t\t\t\t\t\t\t<a href=\"http:\/\/www.beratungsring-ev.de\">\n\t\t\t\t\t\t\t<img fetchpriority=\"high\" decoding=\"async\" width=\"2560\" height=\"497\" src=\"https:\/\/beratungsring-ev.de\/wp-content\/uploads\/2025\/09\/Header-Website-2-scaled.png\" class=\"attachment-full size-full wp-image-74\" alt=\"\" srcset=\"https:\/\/beratungsring-ev.de\/wp-content\/uploads\/2025\/09\/Header-Website-2-scaled.png 2560w, https:\/\/beratungsring-ev.de\/wp-content\/uploads\/2025\/09\/Header-Website-2-300x58.png 300w, https:\/\/beratungsring-ev.de\/wp-content\/uploads\/2025\/09\/Header-Website-2-1024x199.png 1024w, https:\/\/beratungsring-ev.de\/wp-content\/uploads\/2025\/09\/Header-Website-2-768x149.png 768w, https:\/\/beratungsring-ev.de\/wp-content\/uploads\/2025\/09\/Header-Website-2-1536x298.png 1536w, https:\/\/beratungsring-ev.de\/wp-content\/uploads\/2025\/09\/Header-Website-2-2048x397.png 2048w\" sizes=\"(max-width: 2560px) 100vw, 2560px\" \/>\t\t\t\t\t\t\t\t<\/a>\n\t\t\t\t\t\t\t\t\t\t\t\t\t\t\t<\/div>\n\t\t\t\t<\/div>\n\t\t<div class=\"elementor-element elementor-element-84331b5 e-con-full elementor-hidden-desktop elementor-hidden-tablet e-flex wpr-particle-no wpr-jarallax-no wpr-parallax-no wpr-sticky-section-no e-con e-parent\" data-id=\"84331b5\" data-element_type=\"container\">\n\t\t\t\t<div class=\"elementor-element elementor-element-ac0b6ba elementor-widget__width-inherit elementor-widget elementor-widget-image\" data-id=\"ac0b6ba\" data-element_type=\"widget\" data-widget_type=\"image.default\">\n\t\t\t\t\t\t\t\t\t\t\t\t\t\t\t\t<a href=\"http:\/\/www.beratungsring-ev.de\">\n\t\t\t\t\t\t\t<img decoding=\"async\" width=\"2560\" height=\"646\" src=\"https:\/\/beratungsring-ev.de\/wp-content\/uploads\/2025\/09\/Header_Handy-scaled.png\" class=\"attachment-full size-full wp-image-109\" alt=\"\" srcset=\"https:\/\/beratungsring-ev.de\/wp-content\/uploads\/2025\/09\/Header_Handy-scaled.png 2560w, https:\/\/beratungsring-ev.de\/wp-content\/uploads\/2025\/09\/Header_Handy-300x76.png 300w, https:\/\/beratungsring-ev.de\/wp-content\/uploads\/2025\/09\/Header_Handy-1024x259.png 1024w, https:\/\/beratungsring-ev.de\/wp-content\/uploads\/2025\/09\/Header_Handy-768x194.png 768w, https:\/\/beratungsring-ev.de\/wp-content\/uploads\/2025\/09\/Header_Handy-1536x388.png 1536w, https:\/\/beratungsring-ev.de\/wp-content\/uploads\/2025\/09\/Header_Handy-2048x517.png 2048w\" sizes=\"(max-width: 2560px) 100vw, 2560px\" \/>\t\t\t\t\t\t\t\t<\/a>\n\t\t\t\t\t\t\t\t\t\t\t\t\t\t\t<\/div>\n\t\t\t\t<\/div>\n\t\t<div class=\"elementor-element elementor-element-ac1ba4a e-flex e-con-boxed wpr-particle-no wpr-jarallax-no wpr-parallax-no wpr-sticky-section-no e-con e-parent\" data-id=\"ac1ba4a\" data-element_type=\"container\" data-settings=\"{&quot;background_background&quot;:&quot;classic&quot;}\">\n\t\t\t\t\t<div class=\"e-con-inner\">\n\t\t\t\t<div class=\"elementor-element elementor-element-a270b11 elementor-widget elementor-widget-spacer\" data-id=\"a270b11\" data-element_type=\"widget\" data-widget_type=\"spacer.default\">\n\t\t\t\t\t\t\t<div class=\"elementor-spacer\">\n\t\t\t<div class=\"elementor-spacer-inner\"><\/div>\n\t\t<\/div>\n\t\t\t\t\t\t<\/div>\n\t\t\t\t<div class=\"elementor-element elementor-element-90031ca elementor-widget__width-initial elementor-widget elementor-widget-text-editor\" data-id=\"90031ca\" data-element_type=\"widget\" data-widget_type=\"text-editor.default\">\n\t\t\t\t\t\t\t\t\t<p style=\"font-weight: 400;\">Wir sind der <strong>Lohnsteuerhilfeverein \u201eBeratungs-Ring\u201c e.V.<\/strong> \u2013 und unser Name ist Programm: Beratung auf Augenh\u00f6he, verst\u00e4ndlich erkl\u00e4rt und immer mit dem Ziel, dass Sie sich gut aufgehoben f\u00fchlen.<\/p><p style=\"font-weight: 400;\">Steuern geh\u00f6ren f\u00fcr viele zu den eher unangenehmen Themen. Wir sehen das anders: Mit Erfahrung, Engagement und einem offenen Ohr machen wir Ihre Steuerangelegenheiten einfacher und \u00fcberschaubar.<\/p><p style=\"font-weight: 400;\">Ob Arbeitnehmer, Rentner oder Pension\u00e4r \u2013 wir nehmen uns Zeit f\u00fcr Ihre Fragen, rechnen gemeinsam mit Ihnen und holen das Beste f\u00fcr Sie heraus. Dabei gilt unser Motto:<\/p>\t\t\t\t\t\t\t\t<\/div>\n\t\t\t\t<div class=\"elementor-element elementor-element-a90a51a elementor-widget__width-initial elementor-widget elementor-widget-text-editor\" data-id=\"a90a51a\" data-element_type=\"widget\" data-widget_type=\"text-editor.default\">\n\t\t\t\t\t\t\t\t\t<p style=\"font-weight: 400;\"><strong>\u201eWir rechnen mit Ihnen.\u201c<\/strong><\/p>\t\t\t\t\t\t\t\t<\/div>\n\t\t<div class=\"elementor-element elementor-element-2316b3a e-grid e-con-full wpr-particle-no wpr-jarallax-no wpr-parallax-no wpr-sticky-section-no e-con e-child\" data-id=\"2316b3a\" data-element_type=\"container\">\n\t\t\t\t<div class=\"elementor-element elementor-element-69d8982 elementor-widget elementor-widget-image\" data-id=\"69d8982\" data-element_type=\"widget\" data-widget_type=\"image.default\">\n\t\t\t\t\t\t\t\t\t\t\t\t\t\t\t<img decoding=\"async\" width=\"1024\" height=\"768\" src=\"https:\/\/beratungsring-ev.de\/wp-content\/uploads\/2025\/09\/Team-Foto-1024x768.jpg\" class=\"attachment-large size-large wp-image-170\" alt=\"\" srcset=\"https:\/\/beratungsring-ev.de\/wp-content\/uploads\/2025\/09\/Team-Foto-1024x768.jpg 1024w, https:\/\/beratungsring-ev.de\/wp-content\/uploads\/2025\/09\/Team-Foto-300x225.jpg 300w, https:\/\/beratungsring-ev.de\/wp-content\/uploads\/2025\/09\/Team-Foto-768x576.jpg 768w, https:\/\/beratungsring-ev.de\/wp-content\/uploads\/2025\/09\/Team-Foto-1536x1152.jpg 1536w, https:\/\/beratungsring-ev.de\/wp-content\/uploads\/2025\/09\/Team-Foto.jpg 2048w\" sizes=\"(max-width: 1024px) 100vw, 1024px\" \/>\t\t\t\t\t\t\t\t\t\t\t\t\t\t\t<\/div>\n\t\t\t\t<div class=\"elementor-element elementor-element-b6e5da2 elementor-widget elementor-widget-image\" data-id=\"b6e5da2\" data-element_type=\"widget\" data-widget_type=\"image.default\">\n\t\t\t\t\t\t\t\t\t\t\t\t\t\t\t<img loading=\"lazy\" decoding=\"async\" width=\"928\" height=\"689\" src=\"https:\/\/beratungsring-ev.de\/wp-content\/uploads\/2025\/09\/Hausansicht_Hier-wird-.jpg\" class=\"attachment-large size-large wp-image-162\" alt=\"\" srcset=\"https:\/\/beratungsring-ev.de\/wp-content\/uploads\/2025\/09\/Hausansicht_Hier-wird-.jpg 928w, https:\/\/beratungsring-ev.de\/wp-content\/uploads\/2025\/09\/Hausansicht_Hier-wird--300x223.jpg 300w, https:\/\/beratungsring-ev.de\/wp-content\/uploads\/2025\/09\/Hausansicht_Hier-wird--768x570.jpg 768w\" sizes=\"(max-width: 928px) 100vw, 928px\" \/>\t\t\t\t\t\t\t\t\t\t\t\t\t\t\t<\/div>\n\t\t\t\t<div class=\"elementor-element elementor-element-9a9bbf2 elementor-widget elementor-widget-image\" data-id=\"9a9bbf2\" data-element_type=\"widget\" data-widget_type=\"image.default\">\n\t\t\t\t\t\t\t\t\t\t\t\t\t\t\t<img loading=\"lazy\" decoding=\"async\" width=\"1024\" height=\"768\" src=\"https:\/\/beratungsring-ev.de\/wp-content\/uploads\/2025\/09\/DSCN6870-1024x768.jpg\" class=\"attachment-large size-large wp-image-171\" alt=\"\" srcset=\"https:\/\/beratungsring-ev.de\/wp-content\/uploads\/2025\/09\/DSCN6870-1024x768.jpg 1024w, https:\/\/beratungsring-ev.de\/wp-content\/uploads\/2025\/09\/DSCN6870-300x225.jpg 300w, https:\/\/beratungsring-ev.de\/wp-content\/uploads\/2025\/09\/DSCN6870-768x576.jpg 768w, https:\/\/beratungsring-ev.de\/wp-content\/uploads\/2025\/09\/DSCN6870-1536x1152.jpg 1536w, https:\/\/beratungsring-ev.de\/wp-content\/uploads\/2025\/09\/DSCN6870.jpg 2048w\" sizes=\"(max-width: 1024px) 100vw, 1024px\" \/>\t\t\t\t\t\t\t\t\t\t\t\t\t\t\t<\/div>\n\t\t\t\t<\/div>\n\t\t\t\t<div class=\"elementor-element elementor-element-79e60d6 elementor-widget elementor-widget-spacer\" data-id=\"79e60d6\" data-element_type=\"widget\" data-widget_type=\"spacer.default\">\n\t\t\t\t\t\t\t<div class=\"elementor-spacer\">\n\t\t\t<div class=\"elementor-spacer-inner\"><\/div>\n\t\t<\/div>\n\t\t\t\t\t\t<\/div>\n\t\t\t\t\t<\/div>\n\t\t\t\t<\/div>\n\t\t<div class=\"elementor-element elementor-element-ab1204e e-flex e-con-boxed wpr-particle-no wpr-jarallax-no wpr-parallax-no wpr-sticky-section-no e-con e-parent\" data-id=\"ab1204e\" data-element_type=\"container\">\n\t\t\t\t\t<div class=\"e-con-inner\">\n\t\t\t\t<div class=\"elementor-element elementor-element-db8d281 elementor-widget elementor-widget-heading\" data-id=\"db8d281\" data-element_type=\"widget\" data-widget_type=\"heading.default\">\n\t\t\t\t\t<h2 class=\"elementor-heading-title elementor-size-default\"><a href=\"https:\/\/beratungsring-ev.de\/?page_id=273\">Impressum<\/a><\/h2>\t\t\t\t<\/div>\n\t\t\t\t\t<\/div>\n\t\t\t\t<\/div>\n\t\t<div class=\"elementor-element elementor-element-303e9f1 e-flex e-con-boxed wpr-particle-no wpr-jarallax-no wpr-parallax-no wpr-sticky-section-no e-con e-parent\" data-id=\"303e9f1\" data-element_type=\"container\" data-settings=\"{&quot;background_background&quot;:&quot;classic&quot;}\">\n\t\t\t\t\t<div class=\"e-con-inner\">\n\t\t\t\t<div class=\"elementor-element elementor-element-3247dad elementor-widget elementor-widget-heading\" data-id=\"3247dad\" data-element_type=\"widget\" data-widget_type=\"heading.default\">\n\t\t\t\t\t<h2 class=\"elementor-heading-title elementor-size-default\">Gib hier deine \u00dcberschrift ein<\/h2>\t\t\t\t<\/div>\n\t\t\t\t\t<\/div>\n\t\t\t\t<\/div>\n\t\t\t\t<\/div>\n\t\t","protected":false},"excerpt":{"rendered":"<p>Wir sind der Lohnsteuerhilfeverein \u201eBeratungs-Ring\u201c e.V. \u2013 und unser Name ist Programm: Beratung auf Augenh\u00f6he, verst\u00e4ndlich erkl\u00e4rt und immer mit dem Ziel, dass Sie sich gut aufgehoben f\u00fchlen. Steuern geh\u00f6ren f\u00fcr viele zu den eher unangenehmen Themen. Wir sehen das anders: Mit Erfahrung, Engagement und einem offenen Ohr machen wir Ihre Steuerangelegenheiten einfacher und \u00fcberschaubar. Ob Arbeitnehmer, Rentner oder Pension\u00e4r \u2013 wir nehmen uns Zeit f\u00fcr Ihre Fragen, rechnen gemeinsam mit Ihnen und holen das Beste f\u00fcr Sie heraus. Dabei gilt unser Motto: \u201eWir rechnen mit Ihnen.\u201c Impressum Gib hier deine \u00dcberschrift ein<\/p>\n","protected":false},"author":2,"featured_media":0,"parent":0,"menu_order":0,"comment_status":"closed","ping_status":"closed","template":"","meta":{"ocean_post_layout":"full-screen","ocean_both_sidebars_style":"","ocean_both_sidebars_content_width":0,"ocean_both_sidebars_sidebars_width":0,"ocean_sidebar":"","ocean_second_sidebar":"","ocean_disable_margins":"enable","ocean_add_body_class":"","ocean_shortcode_before_top_bar":"","ocean_shortcode_after_top_bar":"","ocean_shortcode_before_header":"","ocean_shortcode_after_header":"","ocean_has_shortcode":"","ocean_shortcode_after_title":"","ocean_shortcode_before_footer_widgets":"","ocean_shortcode_after_footer_widgets":"","ocean_shortcode_before_footer_bottom":"","ocean_shortcode_after_footer_bottom":"","ocean_display_top_bar":"off","ocean_display_header":"default","ocean_header_style":"","ocean_center_header_left_menu":"","ocean_custom_header_template":"","ocean_custom_logo":0,"ocean_custom_retina_logo":0,"ocean_custom_logo_max_width":0,"ocean_custom_logo_tablet_max_width":0,"ocean_custom_logo_mobile_max_width":0,"ocean_custom_logo_max_height":0,"ocean_custom_logo_tablet_max_height":0,"ocean_custom_logo_mobile_max_height":0,"ocean_header_custom_menu":"","ocean_menu_typo_font_family":"","ocean_menu_typo_font_subset":"","ocean_menu_typo_font_size":0,"ocean_menu_typo_font_size_tablet":0,"ocean_menu_typo_font_size_mobile":0,"ocean_menu_typo_font_size_unit":"px","ocean_menu_typo_font_weight":"","ocean_menu_typo_font_weight_tablet":"","ocean_menu_typo_font_weight_mobile":"","ocean_menu_typo_transform":"","ocean_menu_typo_transform_tablet":"","ocean_menu_typo_transform_mobile":"","ocean_menu_typo_line_height":0,"ocean_menu_typo_line_height_tablet":0,"ocean_menu_typo_line_height_mobile":0,"ocean_menu_typo_line_height_unit":"","ocean_menu_typo_spacing":0,"ocean_menu_typo_spacing_tablet":0,"ocean_menu_typo_spacing_mobile":0,"ocean_menu_typo_spacing_unit":"","ocean_menu_link_color":"","ocean_menu_link_color_hover":"","ocean_menu_link_color_active":"","ocean_menu_link_background":"","ocean_menu_link_hover_background":"","ocean_menu_link_active_background":"","ocean_menu_social_links_bg":"","ocean_menu_social_hover_links_bg":"","ocean_menu_social_links_color":"","ocean_menu_social_hover_links_color":"","ocean_disable_title":"on","ocean_disable_heading":"default","ocean_post_title":"","ocean_post_subheading":"","ocean_post_title_style":"","ocean_post_title_background_color":"","ocean_post_title_background":0,"ocean_post_title_bg_image_position":"","ocean_post_title_bg_image_attachment":"","ocean_post_title_bg_image_repeat":"","ocean_post_title_bg_image_size":"","ocean_post_title_height":0,"ocean_post_title_bg_overlay":0.5,"ocean_post_title_bg_overlay_color":"","ocean_disable_breadcrumbs":"default","ocean_breadcrumbs_color":"","ocean_breadcrumbs_separator_color":"","ocean_breadcrumbs_links_color":"","ocean_breadcrumbs_links_hover_color":"","ocean_display_footer_widgets":"off","ocean_display_footer_bottom":"off","ocean_custom_footer_template":"","footnotes":""},"class_list":["post-29","page","type-page","status-publish","hentry","entry"],"_links":{"self":[{"href":"https:\/\/beratungsring-ev.de\/index.php?rest_route=\/wp\/v2\/pages\/29","targetHints":{"allow":["GET"]}}],"collection":[{"href":"https:\/\/beratungsring-ev.de\/index.php?rest_route=\/wp\/v2\/pages"}],"about":[{"href":"https:\/\/beratungsring-ev.de\/index.php?rest_route=\/wp\/v2\/types\/page"}],"author":[{"embeddable":true,"href":"https:\/\/beratungsring-ev.de\/index.php?rest_route=\/wp\/v2\/users\/2"}],"replies":[{"embeddable":true,"href":"https:\/\/beratungsring-ev.de\/index.php?rest_route=%2Fwp%2Fv2%2Fcomments&post=29"}],"version-history":[{"count":31,"href":"https:\/\/beratungsring-ev.de\/index.php?rest_route=\/wp\/v2\/pages\/29\/revisions"}],"predecessor-version":[{"id":517,"href":"https:\/\/beratungsring-ev.de\/index.php?rest_route=\/wp\/v2\/pages\/29\/revisions\/517"}],"wp:attachment":[{"href":"https:\/\/beratungsring-ev.de\/index.php?rest_route=%2Fwp%2Fv2%2Fmedia&parent=29"}],"curies":[{"name":"wp","href":"https:\/\/api.w.org\/{rel}","templated":true}]}}