{"id":190,"date":"2025-09-12T14:59:11","date_gmt":"2025-09-12T14:59:11","guid":{"rendered":"https:\/\/beratungsring-ev.de\/?page_id=190"},"modified":"2025-11-21T16:14:18","modified_gmt":"2025-11-21T16:14:18","slug":"mitgliedsbeitraege","status":"publish","type":"page","link":"https:\/\/beratungsring-ev.de\/?page_id=190","title":{"rendered":"Mitgliedsbeitr\u00e4ge"},"content":{"rendered":"\t\t<div data-elementor-type=\"wp-page\" data-elementor-id=\"190\" class=\"elementor elementor-190\">\n\t\t\t\t<div class=\"elementor-element elementor-element-f4b0f84 e-con-full elementor-hidden-mobile e-flex wpr-particle-no wpr-jarallax-no wpr-parallax-no wpr-sticky-section-no e-con e-parent\" data-id=\"f4b0f84\" data-element_type=\"container\">\n\t\t\t\t<div class=\"elementor-element elementor-element-49ffa7a elementor-widget__width-inherit elementor-widget elementor-widget-image\" data-id=\"49ffa7a\" data-element_type=\"widget\" data-widget_type=\"image.default\">\n\t\t\t\t\t\t\t\t\t\t\t\t\t\t\t<img fetchpriority=\"high\" decoding=\"async\" width=\"2560\" height=\"497\" src=\"https:\/\/beratungsring-ev.de\/wp-content\/uploads\/2025\/09\/Header-Website-2-scaled.png\" class=\"attachment-full size-full wp-image-74\" alt=\"\" srcset=\"https:\/\/beratungsring-ev.de\/wp-content\/uploads\/2025\/09\/Header-Website-2-scaled.png 2560w, https:\/\/beratungsring-ev.de\/wp-content\/uploads\/2025\/09\/Header-Website-2-300x58.png 300w, https:\/\/beratungsring-ev.de\/wp-content\/uploads\/2025\/09\/Header-Website-2-1024x199.png 1024w, https:\/\/beratungsring-ev.de\/wp-content\/uploads\/2025\/09\/Header-Website-2-768x149.png 768w, https:\/\/beratungsring-ev.de\/wp-content\/uploads\/2025\/09\/Header-Website-2-1536x298.png 1536w, https:\/\/beratungsring-ev.de\/wp-content\/uploads\/2025\/09\/Header-Website-2-2048x397.png 2048w\" sizes=\"(max-width: 2560px) 100vw, 2560px\" \/>\t\t\t\t\t\t\t\t\t\t\t\t\t\t\t<\/div>\n\t\t\t\t<\/div>\n\t\t<div class=\"elementor-element elementor-element-bad70fb e-con-full elementor-hidden-desktop elementor-hidden-tablet e-flex wpr-particle-no wpr-jarallax-no wpr-parallax-no wpr-sticky-section-no e-con e-parent\" data-id=\"bad70fb\" data-element_type=\"container\">\n\t\t\t\t<div class=\"elementor-element elementor-element-6ed68e2 elementor-widget__width-inherit elementor-widget elementor-widget-image\" data-id=\"6ed68e2\" data-element_type=\"widget\" data-widget_type=\"image.default\">\n\t\t\t\t\t\t\t\t\t\t\t\t\t\t\t<img decoding=\"async\" width=\"2560\" height=\"646\" src=\"https:\/\/beratungsring-ev.de\/wp-content\/uploads\/2025\/09\/Header_Handy-scaled.png\" class=\"attachment-full size-full wp-image-109\" alt=\"\" srcset=\"https:\/\/beratungsring-ev.de\/wp-content\/uploads\/2025\/09\/Header_Handy-scaled.png 2560w, https:\/\/beratungsring-ev.de\/wp-content\/uploads\/2025\/09\/Header_Handy-300x76.png 300w, https:\/\/beratungsring-ev.de\/wp-content\/uploads\/2025\/09\/Header_Handy-1024x259.png 1024w, https:\/\/beratungsring-ev.de\/wp-content\/uploads\/2025\/09\/Header_Handy-768x194.png 768w, https:\/\/beratungsring-ev.de\/wp-content\/uploads\/2025\/09\/Header_Handy-1536x388.png 1536w, https:\/\/beratungsring-ev.de\/wp-content\/uploads\/2025\/09\/Header_Handy-2048x517.png 2048w\" sizes=\"(max-width: 2560px) 100vw, 2560px\" \/>\t\t\t\t\t\t\t\t\t\t\t\t\t\t\t<\/div>\n\t\t\t\t<\/div>\n\t\t<div class=\"elementor-element elementor-element-755c272 e-flex e-con-boxed wpr-particle-no wpr-jarallax-no wpr-parallax-no wpr-sticky-section-no e-con e-parent\" data-id=\"755c272\" data-element_type=\"container\" data-settings=\"{&quot;background_background&quot;:&quot;classic&quot;}\">\n\t\t\t\t\t<div class=\"e-con-inner\">\n\t\t\t\t<div class=\"elementor-element elementor-element-bb48705 elementor-widget elementor-widget-spacer\" data-id=\"bb48705\" data-element_type=\"widget\" data-widget_type=\"spacer.default\">\n\t\t\t\t\t\t\t<div class=\"elementor-spacer\">\n\t\t\t<div class=\"elementor-spacer-inner\"><\/div>\n\t\t<\/div>\n\t\t\t\t\t\t<\/div>\n\t\t\t\t<div class=\"elementor-element elementor-element-c21b20d elementor-widget__width-initial elementor-widget elementor-widget-text-editor\" data-id=\"c21b20d\" data-element_type=\"widget\" data-widget_type=\"text-editor.default\">\n\t\t\t\t\t\t\t\t\t<p style=\"font-weight: 400;\"><strong>Mitgliedsbeitr\u00e4ge<\/strong><\/p>\t\t\t\t\t\t\t\t<\/div>\n\t\t\t\t<div class=\"elementor-element elementor-element-63c044d elementor-widget__width-initial elementor-widget elementor-widget-text-editor\" data-id=\"63c044d\" data-element_type=\"widget\" data-widget_type=\"text-editor.default\">\n\t\t\t\t\t\t\t\t\t<p style=\"font-weight: 400;\">Als Mitglied im <strong>Lohnsteuerhilfeverein \u201eBeratungs-Ring\u201c e.V.<\/strong> erhalten Sie umfassende steuerliche Unterst\u00fctzung \u2013 und das zu einem fairen Jahresbeitrag.<\/p><p style=\"font-weight: 400;\">Der Beitrag richtet sich nach Ihren <strong>Einnahmen im Vorjahr<\/strong> (Brutto). So zahlt jeder nur so viel, wie es seiner Situation entspricht.<\/p>\t\t\t\t\t\t\t\t<\/div>\n\t\t\t\t<div class=\"elementor-element elementor-element-11eace9 elementor-widget__width-initial elementor-widget elementor-widget-text-editor\" data-id=\"11eace9\" data-element_type=\"widget\" data-widget_type=\"text-editor.default\">\n\t\t\t\t\t\t\t\t\t<p style=\"font-weight: 400;\"><strong>Alles inklusive<\/strong><\/p>\t\t\t\t\t\t\t\t<\/div>\n\t\t\t\t<div class=\"elementor-element elementor-element-e4eb4ea elementor-widget__width-initial elementor-widget elementor-widget-text-editor\" data-id=\"e4eb4ea\" data-element_type=\"widget\" data-widget_type=\"text-editor.default\">\n\t\t\t\t\t\t\t\t\t<ul style=\"font-weight: 400;\"><li>Beratung rund um Ihre Einkommensteuer<\/li><li>Erstellung der Steuererkl\u00e4rung<\/li><li>Pr\u00fcfung des Steuerbescheids<\/li><li>Schriftverkehr mit dem Finanzamt<\/li><\/ul><p style=\"font-weight: 400;\">Keine versteckten Kosten, keine zus\u00e4tzlichen Honorare.<br \/>Ihr Mitgliedsbeitrag deckt <strong>alle Leistungen<\/strong> ab.<\/p>\t\t\t\t\t\t\t\t<\/div>\n\t\t\t\t<div class=\"elementor-element elementor-element-554feff elementor-widget__width-initial elementor-widget elementor-widget-text-editor\" data-id=\"554feff\" data-element_type=\"widget\" data-widget_type=\"text-editor.default\">\n\t\t\t\t\t\t\t\t\t<p style=\"font-weight: 400;\"><strong>Einmalige Aufnahmegeb\u00fchr:<\/strong> <strong>10 \u20ac<\/strong><\/p>\t\t\t\t\t\t\t\t<\/div>\n\t\t\t\t<div class=\"elementor-element elementor-element-eaf10bf elementor-widget elementor-widget-button\" data-id=\"eaf10bf\" data-element_type=\"widget\" data-widget_type=\"button.default\">\n\t\t\t\t\t\t\t\t\t\t<a class=\"elementor-button elementor-button-link elementor-size-sm elementor-animation-grow\" href=\"mailto:service@beratungsring-ev.de\">\n\t\t\t\t\t\t<span class=\"elementor-button-content-wrapper\">\n\t\t\t\t\t\t\t\t\t<span class=\"elementor-button-text\">Jetzt Mitglied werden<\/span>\n\t\t\t\t\t<\/span>\n\t\t\t\t\t<\/a>\n\t\t\t\t\t\t\t\t<\/div>\n\t\t\t\t<div class=\"elementor-element elementor-element-e370d9d elementor-widget elementor-widget-button\" data-id=\"e370d9d\" data-element_type=\"widget\" data-widget_type=\"button.default\">\n\t\t\t\t\t\t\t\t\t\t<a class=\"elementor-button elementor-button-link elementor-size-sm elementor-animation-grow\" href=\"https:\/\/beratungsring-ev.de\/wp-content\/uploads\/2025\/09\/Mitgliedsbeitraege-Uebersicht.png\">\n\t\t\t\t\t\t<span class=\"elementor-button-content-wrapper\">\n\t\t\t\t\t\t\t\t\t<span class=\"elementor-button-text\">\u00dcbersicht Mitgliedsbeitr\u00e4ge<\/span>\n\t\t\t\t\t<\/span>\n\t\t\t\t\t<\/a>\n\t\t\t\t\t\t\t\t<\/div>\n\t\t\t\t<div class=\"elementor-element elementor-element-5dc621b elementor-position-inline-start elementor-mobile-position-inline-start elementor-view-default elementor-widget elementor-widget-icon-box\" data-id=\"5dc621b\" data-element_type=\"widget\" data-widget_type=\"icon-box.default\">\n\t\t\t\t\t\t\t<div class=\"elementor-icon-box-wrapper\">\n\n\t\t\t\t\t\t<div class=\"elementor-icon-box-icon\">\n\t\t\t\t<a href=\"https:\/\/beratungsring-ev.de\/wp-content\/uploads\/2025\/09\/Beitragsordnung-ab-2024.pdf\" class=\"elementor-icon\" tabindex=\"-1\" aria-label=\"Beitragsordnung \">\n\t\t\t\t<svg aria-hidden=\"true\" class=\"e-font-icon-svg e-fas-file-download\" viewBox=\"0 0 384 512\" xmlns=\"http:\/\/www.w3.org\/2000\/svg\"><path d=\"M224 136V0H24C10.7 0 0 10.7 0 24v464c0 13.3 10.7 24 24 24h336c13.3 0 24-10.7 24-24V160H248c-13.2 0-24-10.8-24-24zm76.45 211.36l-96.42 95.7c-6.65 6.61-17.39 6.61-24.04 0l-96.42-95.7C73.42 337.29 80.54 320 94.82 320H160v-80c0-8.84 7.16-16 16-16h32c8.84 0 16 7.16 16 16v80h65.18c14.28 0 21.4 17.29 11.27 27.36zM377 105L279.1 7c-4.5-4.5-10.6-7-17-7H256v128h128v-6.1c0-6.3-2.5-12.4-7-16.9z\"><\/path><\/svg>\t\t\t\t<\/a>\n\t\t\t<\/div>\n\t\t\t\n\t\t\t\t\t\t<div class=\"elementor-icon-box-content\">\n\n\t\t\t\t\t\t\t\t\t<h3 class=\"elementor-icon-box-title\">\n\t\t\t\t\t\t<a href=\"https:\/\/beratungsring-ev.de\/wp-content\/uploads\/2025\/09\/Beitragsordnung-ab-2024.pdf\" >\n\t\t\t\t\t\t\tBeitragsordnung \t\t\t\t\t\t<\/a>\n\t\t\t\t\t<\/h3>\n\t\t\t\t\n\t\t\t\t\t\t\t\t\t<p class=\"elementor-icon-box-description\">\n\t\t\t\t\t\tDownload\t\t\t\t\t<\/p>\n\t\t\t\t\n\t\t\t<\/div>\n\t\t\t\n\t\t<\/div>\n\t\t\t\t\t\t<\/div>\n\t\t\t\t<div class=\"elementor-element elementor-element-f0d1b16 elementor-widget__width-initial elementor-widget elementor-widget-text-editor\" data-id=\"f0d1b16\" data-element_type=\"widget\" data-widget_type=\"text-editor.default\">\n\t\t\t\t\t\t\t\t\t<p style=\"font-weight: 400;\"><strong>Wir rechnen mit Ihnen \u2013 fair und transparent.<\/strong><\/p>\t\t\t\t\t\t\t\t<\/div>\n\t\t\t\t<div class=\"elementor-element elementor-element-45eb63b elementor-widget elementor-widget-spacer\" data-id=\"45eb63b\" data-element_type=\"widget\" data-widget_type=\"spacer.default\">\n\t\t\t\t\t\t\t<div class=\"elementor-spacer\">\n\t\t\t<div class=\"elementor-spacer-inner\"><\/div>\n\t\t<\/div>\n\t\t\t\t\t\t<\/div>\n\t\t\t\t\t<\/div>\n\t\t\t\t<\/div>\n\t\t<div class=\"elementor-element elementor-element-de1c8cd e-flex e-con-boxed wpr-particle-no wpr-jarallax-no wpr-parallax-no wpr-sticky-section-no e-con e-parent\" data-id=\"de1c8cd\" data-element_type=\"container\">\n\t\t\t\t\t<div class=\"e-con-inner\">\n\t\t\t\t<div class=\"elementor-element elementor-element-ec076f7 elementor-widget elementor-widget-heading\" data-id=\"ec076f7\" data-element_type=\"widget\" data-widget_type=\"heading.default\">\n\t\t\t\t\t<h2 class=\"elementor-heading-title elementor-size-default\"><a href=\"https:\/\/beratungsring-ev.de\/?page_id=273\">Impressum<\/a><\/h2>\t\t\t\t<\/div>\n\t\t\t\t\t<\/div>\n\t\t\t\t<\/div>\n\t\t<div class=\"elementor-element elementor-element-8d185ac e-flex e-con-boxed wpr-particle-no wpr-jarallax-no wpr-parallax-no wpr-sticky-section-no e-con e-parent\" data-id=\"8d185ac\" data-element_type=\"container\" data-settings=\"{&quot;background_background&quot;:&quot;classic&quot;}\">\n\t\t\t\t\t<div class=\"e-con-inner\">\n\t\t\t\t<div class=\"elementor-element elementor-element-2a107d6 elementor-widget elementor-widget-heading\" data-id=\"2a107d6\" data-element_type=\"widget\" data-widget_type=\"heading.default\">\n\t\t\t\t\t<h2 class=\"elementor-heading-title elementor-size-default\">Gib hier deine \u00dcberschrift ein<\/h2>\t\t\t\t<\/div>\n\t\t\t\t\t<\/div>\n\t\t\t\t<\/div>\n\t\t\t\t<\/div>\n\t\t","protected":false},"excerpt":{"rendered":"<p>Mitgliedsbeitr\u00e4ge Als Mitglied im Lohnsteuerhilfeverein \u201eBeratungs-Ring\u201c e.V. erhalten Sie umfassende steuerliche Unterst\u00fctzung \u2013 und das zu einem fairen Jahresbeitrag. Der Beitrag richtet sich nach Ihren Einnahmen im Vorjahr (Brutto). So zahlt jeder nur so viel, wie es seiner Situation entspricht. Alles inklusive Beratung rund um Ihre Einkommensteuer Erstellung der Steuererkl\u00e4rung Pr\u00fcfung des Steuerbescheids Schriftverkehr mit dem Finanzamt Keine versteckten Kosten, keine zus\u00e4tzlichen Honorare.Ihr Mitgliedsbeitrag deckt alle Leistungen ab. Einmalige Aufnahmegeb\u00fchr: 10 \u20ac Jetzt Mitglied werden \u00dcbersicht Mitgliedsbeitr\u00e4ge Beitragsordnung Download Wir rechnen mit Ihnen \u2013 fair und transparent. Impressum Gib hier deine \u00dcberschrift ein<\/p>\n","protected":false},"author":1,"featured_media":0,"parent":0,"menu_order":0,"comment_status":"closed","ping_status":"closed","template":"","meta":{"ocean_post_layout":"full-screen","ocean_both_sidebars_style":"","ocean_both_sidebars_content_width":0,"ocean_both_sidebars_sidebars_width":0,"ocean_sidebar":"","ocean_second_sidebar":"","ocean_disable_margins":"enable","ocean_add_body_class":"","ocean_shortcode_before_top_bar":"","ocean_shortcode_after_top_bar":"","ocean_shortcode_before_header":"","ocean_shortcode_after_header":"","ocean_has_shortcode":"","ocean_shortcode_after_title":"","ocean_shortcode_before_footer_widgets":"","ocean_shortcode_after_footer_widgets":"","ocean_shortcode_before_footer_bottom":"","ocean_shortcode_after_footer_bottom":"","ocean_display_top_bar":"off","ocean_display_header":"default","ocean_header_style":"","ocean_center_header_left_menu":"","ocean_custom_header_template":"","ocean_custom_logo":0,"ocean_custom_retina_logo":0,"ocean_custom_logo_max_width":0,"ocean_custom_logo_tablet_max_width":0,"ocean_custom_logo_mobile_max_width":0,"ocean_custom_logo_max_height":0,"ocean_custom_logo_tablet_max_height":0,"ocean_custom_logo_mobile_max_height":0,"ocean_header_custom_menu":"","ocean_menu_typo_font_family":"","ocean_menu_typo_font_subset":"","ocean_menu_typo_font_size":0,"ocean_menu_typo_font_size_tablet":0,"ocean_menu_typo_font_size_mobile":0,"ocean_menu_typo_font_size_unit":"px","ocean_menu_typo_font_weight":"","ocean_menu_typo_font_weight_tablet":"","ocean_menu_typo_font_weight_mobile":"","ocean_menu_typo_transform":"","ocean_menu_typo_transform_tablet":"","ocean_menu_typo_transform_mobile":"","ocean_menu_typo_line_height":0,"ocean_menu_typo_line_height_tablet":0,"ocean_menu_typo_line_height_mobile":0,"ocean_menu_typo_line_height_unit":"","ocean_menu_typo_spacing":0,"ocean_menu_typo_spacing_tablet":0,"ocean_menu_typo_spacing_mobile":0,"ocean_menu_typo_spacing_unit":"","ocean_menu_link_color":"","ocean_menu_link_color_hover":"","ocean_menu_link_color_active":"","ocean_menu_link_background":"","ocean_menu_link_hover_background":"","ocean_menu_link_active_background":"","ocean_menu_social_links_bg":"","ocean_menu_social_hover_links_bg":"","ocean_menu_social_links_color":"","ocean_menu_social_hover_links_color":"","ocean_disable_title":"on","ocean_disable_heading":"default","ocean_post_title":"","ocean_post_subheading":"","ocean_post_title_style":"","ocean_post_title_background_color":"","ocean_post_title_background":0,"ocean_post_title_bg_image_position":"","ocean_post_title_bg_image_attachment":"","ocean_post_title_bg_image_repeat":"","ocean_post_title_bg_image_size":"","ocean_post_title_height":0,"ocean_post_title_bg_overlay":0.5,"ocean_post_title_bg_overlay_color":"","ocean_disable_breadcrumbs":"default","ocean_breadcrumbs_color":"","ocean_breadcrumbs_separator_color":"","ocean_breadcrumbs_links_color":"","ocean_breadcrumbs_links_hover_color":"","ocean_display_footer_widgets":"off","ocean_display_footer_bottom":"off","ocean_custom_footer_template":"","footnotes":""},"class_list":["post-190","page","type-page","status-publish","hentry","entry"],"_links":{"self":[{"href":"https:\/\/beratungsring-ev.de\/index.php?rest_route=\/wp\/v2\/pages\/190","targetHints":{"allow":["GET"]}}],"collection":[{"href":"https:\/\/beratungsring-ev.de\/index.php?rest_route=\/wp\/v2\/pages"}],"about":[{"href":"https:\/\/beratungsring-ev.de\/index.php?rest_route=\/wp\/v2\/types\/page"}],"author":[{"embeddable":true,"href":"https:\/\/beratungsring-ev.de\/index.php?rest_route=\/wp\/v2\/users\/1"}],"replies":[{"embeddable":true,"href":"https:\/\/beratungsring-ev.de\/index.php?rest_route=%2Fwp%2Fv2%2Fcomments&post=190"}],"version-history":[{"count":76,"href":"https:\/\/beratungsring-ev.de\/index.php?rest_route=\/wp\/v2\/pages\/190\/revisions"}],"predecessor-version":[{"id":544,"href":"https:\/\/beratungsring-ev.de\/index.php?rest_route=\/wp\/v2\/pages\/190\/revisions\/544"}],"wp:attachment":[{"href":"https:\/\/beratungsring-ev.de\/index.php?rest_route=%2Fwp%2Fv2%2Fmedia&parent=190"}],"curies":[{"name":"wp","href":"https:\/\/api.w.org\/{rel}","templated":true}]}}