{"id":175,"date":"2025-09-12T14:51:19","date_gmt":"2025-09-12T14:51:19","guid":{"rendered":"https:\/\/beratungsring-ev.de\/?page_id=175"},"modified":"2025-11-21T16:19:55","modified_gmt":"2025-11-21T16:19:55","slug":"leistungen","status":"publish","type":"page","link":"https:\/\/beratungsring-ev.de\/?page_id=175","title":{"rendered":"Leistungen"},"content":{"rendered":"\t\t<div data-elementor-type=\"wp-page\" data-elementor-id=\"175\" class=\"elementor elementor-175\">\n\t\t\t\t<div class=\"elementor-element elementor-element-0efda8c e-con-full elementor-hidden-mobile e-flex wpr-particle-no wpr-jarallax-no wpr-parallax-no wpr-sticky-section-no e-con e-parent\" data-id=\"0efda8c\" data-element_type=\"container\">\n\t\t\t\t<div class=\"elementor-element elementor-element-ee3e9be elementor-widget__width-inherit elementor-widget elementor-widget-image\" data-id=\"ee3e9be\" data-element_type=\"widget\" data-widget_type=\"image.default\">\n\t\t\t\t\t\t\t\t\t\t\t\t\t\t\t\t<a href=\"http:\/\/www.beratungsring-ev.de\">\n\t\t\t\t\t\t\t<img fetchpriority=\"high\" decoding=\"async\" width=\"2560\" height=\"497\" src=\"https:\/\/beratungsring-ev.de\/wp-content\/uploads\/2025\/09\/Header-Website-2-scaled.png\" class=\"attachment-full size-full wp-image-74\" alt=\"\" srcset=\"https:\/\/beratungsring-ev.de\/wp-content\/uploads\/2025\/09\/Header-Website-2-scaled.png 2560w, https:\/\/beratungsring-ev.de\/wp-content\/uploads\/2025\/09\/Header-Website-2-300x58.png 300w, https:\/\/beratungsring-ev.de\/wp-content\/uploads\/2025\/09\/Header-Website-2-1024x199.png 1024w, https:\/\/beratungsring-ev.de\/wp-content\/uploads\/2025\/09\/Header-Website-2-768x149.png 768w, https:\/\/beratungsring-ev.de\/wp-content\/uploads\/2025\/09\/Header-Website-2-1536x298.png 1536w, https:\/\/beratungsring-ev.de\/wp-content\/uploads\/2025\/09\/Header-Website-2-2048x397.png 2048w\" sizes=\"(max-width: 2560px) 100vw, 2560px\" \/>\t\t\t\t\t\t\t\t<\/a>\n\t\t\t\t\t\t\t\t\t\t\t\t\t\t\t<\/div>\n\t\t\t\t<\/div>\n\t\t<div class=\"elementor-element elementor-element-be5baaa e-con-full elementor-hidden-desktop elementor-hidden-tablet e-flex wpr-particle-no wpr-jarallax-no wpr-parallax-no wpr-sticky-section-no e-con e-parent\" data-id=\"be5baaa\" data-element_type=\"container\">\n\t\t\t\t<div class=\"elementor-element elementor-element-c7d2723 elementor-widget__width-inherit elementor-widget elementor-widget-image\" data-id=\"c7d2723\" data-element_type=\"widget\" data-widget_type=\"image.default\">\n\t\t\t\t\t\t\t\t\t\t\t\t\t\t\t\t<a href=\"http:\/\/www.beratungsring-ev.de\">\n\t\t\t\t\t\t\t<img decoding=\"async\" width=\"2560\" height=\"646\" src=\"https:\/\/beratungsring-ev.de\/wp-content\/uploads\/2025\/09\/Header_Handy-scaled.png\" class=\"attachment-full size-full wp-image-109\" alt=\"\" srcset=\"https:\/\/beratungsring-ev.de\/wp-content\/uploads\/2025\/09\/Header_Handy-scaled.png 2560w, https:\/\/beratungsring-ev.de\/wp-content\/uploads\/2025\/09\/Header_Handy-300x76.png 300w, https:\/\/beratungsring-ev.de\/wp-content\/uploads\/2025\/09\/Header_Handy-1024x259.png 1024w, https:\/\/beratungsring-ev.de\/wp-content\/uploads\/2025\/09\/Header_Handy-768x194.png 768w, https:\/\/beratungsring-ev.de\/wp-content\/uploads\/2025\/09\/Header_Handy-1536x388.png 1536w, https:\/\/beratungsring-ev.de\/wp-content\/uploads\/2025\/09\/Header_Handy-2048x517.png 2048w\" sizes=\"(max-width: 2560px) 100vw, 2560px\" \/>\t\t\t\t\t\t\t\t<\/a>\n\t\t\t\t\t\t\t\t\t\t\t\t\t\t\t<\/div>\n\t\t\t\t<\/div>\n\t\t<div class=\"elementor-element elementor-element-1957676 e-flex e-con-boxed wpr-particle-no wpr-jarallax-no wpr-parallax-no wpr-sticky-section-no e-con e-parent\" data-id=\"1957676\" data-element_type=\"container\" data-settings=\"{&quot;background_background&quot;:&quot;classic&quot;}\">\n\t\t\t\t\t<div class=\"e-con-inner\">\n\t\t\t\t<div class=\"elementor-element elementor-element-b1affb8 elementor-widget elementor-widget-spacer\" data-id=\"b1affb8\" data-element_type=\"widget\" data-widget_type=\"spacer.default\">\n\t\t\t\t\t\t\t<div class=\"elementor-spacer\">\n\t\t\t<div class=\"elementor-spacer-inner\"><\/div>\n\t\t<\/div>\n\t\t\t\t\t\t<\/div>\n\t\t\t\t<div class=\"elementor-element elementor-element-65e2e38 elementor-widget__width-initial elementor-widget elementor-widget-text-editor\" data-id=\"65e2e38\" data-element_type=\"widget\" data-widget_type=\"text-editor.default\">\n\t\t\t\t\t\t\t\t\t<p style=\"font-weight: 400;\"><strong>Unsere Leistungen<\/strong><\/p>\t\t\t\t\t\t\t\t<\/div>\n\t\t\t\t<div class=\"elementor-element elementor-element-830e491 elementor-widget__width-initial elementor-widget elementor-widget-text-editor\" data-id=\"830e491\" data-element_type=\"widget\" data-widget_type=\"text-editor.default\">\n\t\t\t\t\t\t\t\t\t<p style=\"font-weight: 400;\">Wir unterst\u00fctzen unsere Mitglieder rund um die <strong>Einkommensteuer<\/strong> \u2013 zuverl\u00e4ssig, pers\u00f6nlich und verst\u00e4ndlich.<\/p>\t\t\t\t\t\t\t\t<\/div>\n\t\t\t\t<div class=\"elementor-element elementor-element-130a0ef elementor-widget__width-initial elementor-widget elementor-widget-text-editor\" data-id=\"130a0ef\" data-element_type=\"widget\" data-widget_type=\"text-editor.default\">\n\t\t\t\t\t\t\t\t\t<p style=\"font-weight: 400;\"><strong>Das \u00fcbernehmen wir f\u00fcr Sie:<\/strong><\/p><ul style=\"font-weight: 400;\"><li>Erstellung der <strong>Einkommensteuererkl\u00e4rung<\/strong><\/li><li>Pr\u00fcfung Ihres <strong>Steuerbescheids<\/strong><\/li><li>\u00dcbernahme der <strong>Korrespondenz mit dem Finanzamt<\/strong><\/li><li>Beratung zu <strong>steuerlichen Freibetr\u00e4gen<\/strong> und <strong>Pauschalen<\/strong><\/li><li>Unterst\u00fctzung bei <strong>Antr\u00e4gen<\/strong>, z. B. auf Lohnsteuererm\u00e4\u00dfigung<\/li><li>Hilfe bei <strong>Wohnungsbaupr\u00e4mie<\/strong> und <strong>Arbeitnehmer-Sparzulage<\/strong><\/li><li>Beratung zu <strong>Kindergeld<\/strong> und <strong>Kinderfreibetr\u00e4gen<\/strong><\/li><li>auch bei Eink\u00fcnften aus <strong>Vermietung<\/strong><\/li><\/ul>\t\t\t\t\t\t\t\t<\/div>\n\t\t\t\t<div class=\"elementor-element elementor-element-3ab07e2 elementor-widget__width-initial elementor-widget elementor-widget-text-editor\" data-id=\"3ab07e2\" data-element_type=\"widget\" data-widget_type=\"text-editor.default\">\n\t\t\t\t\t\t\t\t\t<p style=\"font-weight: 400;\"><strong>Ihr Vorteil:<\/strong><\/p><ul style=\"font-weight: 400;\"><li><strong>Keine versteckten Kosten<\/strong> \u2013 Sie zahlen nur Ihren j\u00e4hrlichen Mitgliedsbeitrag.<\/li><li><strong>Alles aus einer Hand<\/strong> \u2013 wir k\u00fcmmern uns um Ihre Steuer, damit Sie den Kopf frei haben.<\/li><\/ul><p style=\"font-weight: 400;\"><strong>Pers\u00f6nlich &amp; nah<\/strong><span style=\"font-weight: 400;\"> \u2013 bei uns sind Sie keine Nummer, sondern Mensch.<\/span><\/p>\t\t\t\t\t\t\t\t<\/div>\n\t\t\t\t<div class=\"elementor-element elementor-element-9af2c89 elementor-widget__width-initial elementor-widget elementor-widget-text-editor\" data-id=\"9af2c89\" data-element_type=\"widget\" data-widget_type=\"text-editor.default\">\n\t\t\t\t\t\t\t\t\t<p style=\"font-weight: 400;\"><strong>Wir rechnen mit Ihnen \u2013 und f\u00fcr Sie.<\/strong><\/p>\t\t\t\t\t\t\t\t<\/div>\n\t\t\t\t<div class=\"elementor-element elementor-element-d87358a elementor-widget elementor-widget-spacer\" data-id=\"d87358a\" data-element_type=\"widget\" data-widget_type=\"spacer.default\">\n\t\t\t\t\t\t\t<div class=\"elementor-spacer\">\n\t\t\t<div class=\"elementor-spacer-inner\"><\/div>\n\t\t<\/div>\n\t\t\t\t\t\t<\/div>\n\t\t\t\t\t<\/div>\n\t\t\t\t<\/div>\n\t\t<div class=\"elementor-element elementor-element-f5fb199 e-flex e-con-boxed wpr-particle-no wpr-jarallax-no wpr-parallax-no wpr-sticky-section-no e-con e-parent\" data-id=\"f5fb199\" data-element_type=\"container\">\n\t\t\t\t\t<div class=\"e-con-inner\">\n\t\t\t\t<div class=\"elementor-element elementor-element-9bf3deb elementor-widget elementor-widget-heading\" data-id=\"9bf3deb\" data-element_type=\"widget\" data-widget_type=\"heading.default\">\n\t\t\t\t\t<h2 class=\"elementor-heading-title elementor-size-default\"><a href=\"https:\/\/beratungsring-ev.de\/?page_id=273\">Impressum<\/a><\/h2>\t\t\t\t<\/div>\n\t\t\t\t\t<\/div>\n\t\t\t\t<\/div>\n\t\t<div class=\"elementor-element elementor-element-dcd0672 e-flex e-con-boxed wpr-particle-no wpr-jarallax-no wpr-parallax-no wpr-sticky-section-no e-con e-parent\" data-id=\"dcd0672\" data-element_type=\"container\" data-settings=\"{&quot;background_background&quot;:&quot;classic&quot;}\">\n\t\t\t\t\t<div class=\"e-con-inner\">\n\t\t\t\t<div class=\"elementor-element elementor-element-397d237 elementor-widget elementor-widget-heading\" data-id=\"397d237\" data-element_type=\"widget\" data-widget_type=\"heading.default\">\n\t\t\t\t\t<h2 class=\"elementor-heading-title elementor-size-default\">Gib hier deine \u00dcberschrift ein<\/h2>\t\t\t\t<\/div>\n\t\t\t\t\t<\/div>\n\t\t\t\t<\/div>\n\t\t\t\t<\/div>\n\t\t","protected":false},"excerpt":{"rendered":"<p>Unsere Leistungen Wir unterst\u00fctzen unsere Mitglieder rund um die Einkommensteuer \u2013 zuverl\u00e4ssig, pers\u00f6nlich und verst\u00e4ndlich. Das \u00fcbernehmen wir f\u00fcr Sie: Erstellung der Einkommensteuererkl\u00e4rung Pr\u00fcfung Ihres Steuerbescheids \u00dcbernahme der Korrespondenz mit dem Finanzamt Beratung zu steuerlichen Freibetr\u00e4gen und Pauschalen Unterst\u00fctzung bei Antr\u00e4gen, z. B. auf Lohnsteuererm\u00e4\u00dfigung Hilfe bei Wohnungsbaupr\u00e4mie und Arbeitnehmer-Sparzulage Beratung zu Kindergeld und Kinderfreibetr\u00e4gen auch bei Eink\u00fcnften aus Vermietung Ihr Vorteil: Keine versteckten Kosten \u2013 Sie zahlen nur Ihren j\u00e4hrlichen Mitgliedsbeitrag. Alles aus einer Hand \u2013 wir k\u00fcmmern uns um Ihre Steuer, damit Sie den Kopf frei haben. Pers\u00f6nlich &amp; nah \u2013 bei uns sind Sie keine Nummer, sondern Mensch. Wir rechnen mit Ihnen \u2013 und f\u00fcr Sie. Impressum Gib hier deine \u00dcberschrift ein<\/p>\n","protected":false},"author":1,"featured_media":0,"parent":0,"menu_order":0,"comment_status":"closed","ping_status":"closed","template":"","meta":{"ocean_post_layout":"full-screen","ocean_both_sidebars_style":"","ocean_both_sidebars_content_width":0,"ocean_both_sidebars_sidebars_width":0,"ocean_sidebar":"","ocean_second_sidebar":"","ocean_disable_margins":"enable","ocean_add_body_class":"","ocean_shortcode_before_top_bar":"","ocean_shortcode_after_top_bar":"","ocean_shortcode_before_header":"","ocean_shortcode_after_header":"","ocean_has_shortcode":"","ocean_shortcode_after_title":"","ocean_shortcode_before_footer_widgets":"","ocean_shortcode_after_footer_widgets":"","ocean_shortcode_before_footer_bottom":"","ocean_shortcode_after_footer_bottom":"","ocean_display_top_bar":"off","ocean_display_header":"default","ocean_header_style":"","ocean_center_header_left_menu":"","ocean_custom_header_template":"","ocean_custom_logo":0,"ocean_custom_retina_logo":0,"ocean_custom_logo_max_width":0,"ocean_custom_logo_tablet_max_width":0,"ocean_custom_logo_mobile_max_width":0,"ocean_custom_logo_max_height":0,"ocean_custom_logo_tablet_max_height":0,"ocean_custom_logo_mobile_max_height":0,"ocean_header_custom_menu":"","ocean_menu_typo_font_family":"","ocean_menu_typo_font_subset":"","ocean_menu_typo_font_size":0,"ocean_menu_typo_font_size_tablet":0,"ocean_menu_typo_font_size_mobile":0,"ocean_menu_typo_font_size_unit":"px","ocean_menu_typo_font_weight":"","ocean_menu_typo_font_weight_tablet":"","ocean_menu_typo_font_weight_mobile":"","ocean_menu_typo_transform":"","ocean_menu_typo_transform_tablet":"","ocean_menu_typo_transform_mobile":"","ocean_menu_typo_line_height":0,"ocean_menu_typo_line_height_tablet":0,"ocean_menu_typo_line_height_mobile":0,"ocean_menu_typo_line_height_unit":"","ocean_menu_typo_spacing":0,"ocean_menu_typo_spacing_tablet":0,"ocean_menu_typo_spacing_mobile":0,"ocean_menu_typo_spacing_unit":"","ocean_menu_link_color":"","ocean_menu_link_color_hover":"","ocean_menu_link_color_active":"","ocean_menu_link_background":"","ocean_menu_link_hover_background":"","ocean_menu_link_active_background":"","ocean_menu_social_links_bg":"","ocean_menu_social_hover_links_bg":"","ocean_menu_social_links_color":"","ocean_menu_social_hover_links_color":"","ocean_disable_title":"on","ocean_disable_heading":"default","ocean_post_title":"","ocean_post_subheading":"","ocean_post_title_style":"","ocean_post_title_background_color":"","ocean_post_title_background":0,"ocean_post_title_bg_image_position":"","ocean_post_title_bg_image_attachment":"","ocean_post_title_bg_image_repeat":"","ocean_post_title_bg_image_size":"","ocean_post_title_height":0,"ocean_post_title_bg_overlay":0.5,"ocean_post_title_bg_overlay_color":"","ocean_disable_breadcrumbs":"default","ocean_breadcrumbs_color":"","ocean_breadcrumbs_separator_color":"","ocean_breadcrumbs_links_color":"","ocean_breadcrumbs_links_hover_color":"","ocean_display_footer_widgets":"off","ocean_display_footer_bottom":"off","ocean_custom_footer_template":"","footnotes":""},"class_list":["post-175","page","type-page","status-publish","hentry","entry"],"_links":{"self":[{"href":"https:\/\/beratungsring-ev.de\/index.php?rest_route=\/wp\/v2\/pages\/175","targetHints":{"allow":["GET"]}}],"collection":[{"href":"https:\/\/beratungsring-ev.de\/index.php?rest_route=\/wp\/v2\/pages"}],"about":[{"href":"https:\/\/beratungsring-ev.de\/index.php?rest_route=\/wp\/v2\/types\/page"}],"author":[{"embeddable":true,"href":"https:\/\/beratungsring-ev.de\/index.php?rest_route=\/wp\/v2\/users\/1"}],"replies":[{"embeddable":true,"href":"https:\/\/beratungsring-ev.de\/index.php?rest_route=%2Fwp%2Fv2%2Fcomments&post=175"}],"version-history":[{"count":37,"href":"https:\/\/beratungsring-ev.de\/index.php?rest_route=\/wp\/v2\/pages\/175\/revisions"}],"predecessor-version":[{"id":547,"href":"https:\/\/beratungsring-ev.de\/index.php?rest_route=\/wp\/v2\/pages\/175\/revisions\/547"}],"wp:attachment":[{"href":"https:\/\/beratungsring-ev.de\/index.php?rest_route=%2Fwp%2Fv2%2Fmedia&parent=175"}],"curies":[{"name":"wp","href":"https:\/\/api.w.org\/{rel}","templated":true}]}}