{"id":11,"date":"2025-09-10T14:13:28","date_gmt":"2025-09-10T14:13:28","guid":{"rendered":"https:\/\/beratungsring-ev.de\/?page_id=11"},"modified":"2026-02-12T17:54:14","modified_gmt":"2026-02-12T17:54:14","slug":"home","status":"publish","type":"page","link":"https:\/\/beratungsring-ev.de\/","title":{"rendered":"Home"},"content":{"rendered":"\t\t<div data-elementor-type=\"wp-post\" data-elementor-id=\"11\" class=\"elementor elementor-11\">\n\t\t\t\t<div class=\"elementor-element elementor-element-40bd5c3 e-con-full elementor-hidden-mobile e-flex wpr-particle-no wpr-jarallax-no wpr-parallax-no wpr-sticky-section-no e-con e-parent\" data-id=\"40bd5c3\" data-element_type=\"container\">\n\t\t\t\t<div class=\"elementor-element elementor-element-b5d9a48 elementor-widget__width-inherit elementor-widget elementor-widget-image\" data-id=\"b5d9a48\" data-element_type=\"widget\" data-widget_type=\"image.default\">\n\t\t\t\t\t\t\t\t\t\t\t\t\t\t\t\t<a href=\"http:\/\/www.beratungsring-ev.de\">\n\t\t\t\t\t\t\t<img fetchpriority=\"high\" decoding=\"async\" width=\"2560\" height=\"497\" src=\"https:\/\/beratungsring-ev.de\/wp-content\/uploads\/2025\/09\/Header-Website-2-scaled.png\" class=\"attachment-full size-full wp-image-74\" alt=\"\" srcset=\"https:\/\/beratungsring-ev.de\/wp-content\/uploads\/2025\/09\/Header-Website-2-scaled.png 2560w, https:\/\/beratungsring-ev.de\/wp-content\/uploads\/2025\/09\/Header-Website-2-300x58.png 300w, https:\/\/beratungsring-ev.de\/wp-content\/uploads\/2025\/09\/Header-Website-2-1024x199.png 1024w, https:\/\/beratungsring-ev.de\/wp-content\/uploads\/2025\/09\/Header-Website-2-768x149.png 768w, https:\/\/beratungsring-ev.de\/wp-content\/uploads\/2025\/09\/Header-Website-2-1536x298.png 1536w, https:\/\/beratungsring-ev.de\/wp-content\/uploads\/2025\/09\/Header-Website-2-2048x397.png 2048w\" sizes=\"(max-width: 2560px) 100vw, 2560px\" \/>\t\t\t\t\t\t\t\t<\/a>\n\t\t\t\t\t\t\t\t\t\t\t\t\t\t\t<\/div>\n\t\t\t\t<\/div>\n\t\t<div class=\"elementor-element elementor-element-e4924cc e-con-full elementor-hidden-desktop elementor-hidden-tablet e-flex wpr-particle-no wpr-jarallax-no wpr-parallax-no wpr-sticky-section-no e-con e-parent\" data-id=\"e4924cc\" data-element_type=\"container\">\n\t\t\t\t<div class=\"elementor-element elementor-element-b2cad91 elementor-widget__width-inherit elementor-widget elementor-widget-image\" data-id=\"b2cad91\" data-element_type=\"widget\" data-widget_type=\"image.default\">\n\t\t\t\t\t\t\t\t\t\t\t\t\t\t\t\t<a href=\"http:\/\/www.beratungsring-ev.de\">\n\t\t\t\t\t\t\t<img decoding=\"async\" width=\"2560\" height=\"646\" src=\"https:\/\/beratungsring-ev.de\/wp-content\/uploads\/2025\/09\/Header_Handy-scaled.png\" class=\"attachment-full size-full wp-image-109\" alt=\"\" srcset=\"https:\/\/beratungsring-ev.de\/wp-content\/uploads\/2025\/09\/Header_Handy-scaled.png 2560w, https:\/\/beratungsring-ev.de\/wp-content\/uploads\/2025\/09\/Header_Handy-300x76.png 300w, https:\/\/beratungsring-ev.de\/wp-content\/uploads\/2025\/09\/Header_Handy-1024x259.png 1024w, https:\/\/beratungsring-ev.de\/wp-content\/uploads\/2025\/09\/Header_Handy-768x194.png 768w, https:\/\/beratungsring-ev.de\/wp-content\/uploads\/2025\/09\/Header_Handy-1536x388.png 1536w, https:\/\/beratungsring-ev.de\/wp-content\/uploads\/2025\/09\/Header_Handy-2048x517.png 2048w\" sizes=\"(max-width: 2560px) 100vw, 2560px\" \/>\t\t\t\t\t\t\t\t<\/a>\n\t\t\t\t\t\t\t\t\t\t\t\t\t\t\t<\/div>\n\t\t\t\t<\/div>\n\t\t<div class=\"elementor-element elementor-element-9a8dcab e-flex e-con-boxed wpr-particle-no wpr-jarallax-no wpr-parallax-no wpr-sticky-section-no e-con e-parent\" data-id=\"9a8dcab\" data-element_type=\"container\" data-settings=\"{&quot;background_background&quot;:&quot;classic&quot;}\">\n\t\t\t\t\t<div class=\"e-con-inner\">\n\t\t\t\t<div class=\"elementor-element elementor-element-1c5ea06 elementor-widget elementor-widget-spacer\" data-id=\"1c5ea06\" data-element_type=\"widget\" data-widget_type=\"spacer.default\">\n\t\t\t\t\t\t\t<div class=\"elementor-spacer\">\n\t\t\t<div class=\"elementor-spacer-inner\"><\/div>\n\t\t<\/div>\n\t\t\t\t\t\t<\/div>\n\t\t<div class=\"elementor-element elementor-element-d456c8c e-grid e-con-full wpr-particle-no wpr-jarallax-no wpr-parallax-no wpr-sticky-section-no e-con e-child\" data-id=\"d456c8c\" data-element_type=\"container\">\n\t\t\t\t<div class=\"elementor-element elementor-element-c54ff88 elementor-widget elementor-widget-image\" data-id=\"c54ff88\" data-element_type=\"widget\" data-widget_type=\"image.default\">\n\t\t\t\t\t\t\t\t\t\t\t\t\t\t\t<img decoding=\"async\" width=\"300\" height=\"300\" src=\"https:\/\/beratungsring-ev.de\/wp-content\/uploads\/2025\/09\/AdobeStock_207150168-300x300.png\" class=\"attachment-medium size-medium wp-image-302\" alt=\"\" srcset=\"https:\/\/beratungsring-ev.de\/wp-content\/uploads\/2025\/09\/AdobeStock_207150168-300x300.png 300w, https:\/\/beratungsring-ev.de\/wp-content\/uploads\/2025\/09\/AdobeStock_207150168-150x150.png 150w, https:\/\/beratungsring-ev.de\/wp-content\/uploads\/2025\/09\/AdobeStock_207150168-768x768.png 768w, https:\/\/beratungsring-ev.de\/wp-content\/uploads\/2025\/09\/AdobeStock_207150168-600x600.png 600w, https:\/\/beratungsring-ev.de\/wp-content\/uploads\/2025\/09\/AdobeStock_207150168.png 1000w\" sizes=\"(max-width: 300px) 100vw, 300px\" \/>\t\t\t\t\t\t\t\t\t\t\t\t\t\t\t<\/div>\n\t\t\t\t<div class=\"elementor-element elementor-element-250777a elementor-widget__width-initial elementor-widget elementor-widget-text-editor\" data-id=\"250777a\" data-element_type=\"widget\" data-widget_type=\"text-editor.default\">\n\t\t\t\t\t\t\t\t\t<p style=\"font-weight: 400;\"><strong>Steuern sind f\u00fcr viele ein l\u00e4stiges Thema<\/strong><\/p><p style=\"font-weight: 400;\"><strong>&#8230; f\u00fcr uns nicht!<\/strong><\/p>\t\t\t\t\t\t\t\t<\/div>\n\t\t\t\t<\/div>\n\t\t\t\t<div class=\"elementor-element elementor-element-a77b9ac elementor-widget__width-initial elementor-widget elementor-widget-text-editor\" data-id=\"a77b9ac\" data-element_type=\"widget\" data-widget_type=\"text-editor.default\">\n\t\t\t\t\t\t\t\t\t<p style=\"font-weight: 400;\"><strong>Herzlich willkommen <\/strong><strong>beim <\/strong><strong>Lohnsteuerhilfeverein \u201eBeratungs-Ring\u201c e.V.<\/strong><\/p>\t\t\t\t\t\t\t\t<\/div>\n\t\t\t\t<div class=\"elementor-element elementor-element-4647beb elementor-widget__width-initial elementor-widget elementor-widget-text-editor\" data-id=\"4647beb\" data-element_type=\"widget\" data-widget_type=\"text-editor.default\">\n\t\t\t\t\t\t\t\t\t<p style=\"font-weight: 400;\">Wir k\u00fcmmern uns darum, dass Sie Ihre Steuererkl\u00e4rung stressfrei erledigen k\u00f6nnen und dabei kein Geld verschenken.<\/p><p style=\"font-weight: 400;\">Bei uns stehen Sie im Mittelpunkt:\u00a0<\/p><ul><li><strong>Wir nehmen uns Zeit f\u00fcr Ihre Fragen<\/strong><\/li><li><strong>erkl\u00e4ren verst\u00e4ndlich und ohne Fachchinesisch<\/strong><\/li><li><strong>finden gemeinsam die beste L\u00f6sung f\u00fcr Ihre steuerliche Situation &#8230;<\/strong><\/li><\/ul><p style=\"font-weight: 400;\">Ob Arbeitnehmer, Azubi, Rentner oder Pension\u00e4r \u2013 wir sind f\u00fcr Sie da und begleiten Sie Schritt f\u00fcr Schritt. So wird aus dem \u201eSteuerdschungel\u201c ein klarer, einfacher Weg.<\/p><p style=\"font-weight: 400;\">Schauen Sie doch einfach mal bei uns vorbei \u2013 wir freuen uns auf Sie!<\/p>\t\t\t\t\t\t\t\t<\/div>\n\t\t\t\t<div class=\"elementor-element elementor-element-c40ea2c elementor-widget__width-initial elementor-widget elementor-widget-text-editor\" data-id=\"c40ea2c\" data-element_type=\"widget\" data-widget_type=\"text-editor.default\">\n\t\t\t\t\t\t\t\t\t<p>Wir freuen uns schon auf die neuen Erkl\u00e4rungen und Ihren Besuch bei uns. Wir erstellen die Erkl\u00e4rungen f\u00fcr 2025 ab M\u00e4rz 2026. <br \/>Bitte vereinbaren Sie schon jetzt einen Termin bei uns!<\/p><p style=\"text-align: center;\"><em>Ihr Team des Lohnsteuerhilfevereins\u00a0<\/em><\/p>\t\t\t\t\t\t\t\t<\/div>\n\t\t\t\t<div class=\"elementor-element elementor-element-da74845 elementor-widget__width-initial elementor-widget elementor-widget-text-editor\" data-id=\"da74845\" data-element_type=\"widget\" data-widget_type=\"text-editor.default\">\n\t\t\t\t\t\t\t\t\t<p style=\"font-weight: 400;\">Wir beraten Sie gern zu folgenden Zeiten:<\/p>\t\t\t\t\t\t\t\t<\/div>\n\t\t\t\t<div class=\"elementor-element elementor-element-a45bab0 elementor-widget__width-initial elementor-widget elementor-widget-text-editor\" data-id=\"a45bab0\" data-element_type=\"widget\" data-widget_type=\"text-editor.default\">\n\t\t\t\t\t\t\t\t\t<p style=\"font-weight: 400;\"><strong>Montag: \u00a0 \u00a0 \u00a0\u00a0<\/strong><\/p><p style=\"font-weight: 400;\"><strong>9.00 &#8211; 12.00<\/strong><\/p><p style=\"font-weight: 400;\"><strong style=\"font-size: 24px; text-align: var(--text-align);\">und 16.00 &#8211; 18.00 Uhr<\/strong><\/p>\t\t\t\t\t\t\t\t<\/div>\n\t\t\t\t<div class=\"elementor-element elementor-element-4f735eb elementor-widget__width-initial elementor-widget elementor-widget-text-editor\" data-id=\"4f735eb\" data-element_type=\"widget\" data-widget_type=\"text-editor.default\">\n\t\t\t\t\t\t\t\t\t<p style=\"font-weight: 400;\"><strong>Dienstag bis Donnerstag: \u00a0 \u00a0 \u00a0\u00a0<\/strong><\/p><p style=\"font-weight: 400;\"><strong>9:00 &#8211; 18:00 Uhr<\/strong><\/p>\t\t\t\t\t\t\t\t<\/div>\n\t\t\t\t<div class=\"elementor-element elementor-element-84d522c elementor-widget__width-initial elementor-widget elementor-widget-text-editor\" data-id=\"84d522c\" data-element_type=\"widget\" data-widget_type=\"text-editor.default\">\n\t\t\t\t\t\t\t\t\t<p style=\"font-weight: 400;\">Gern k\u00f6nnen Sie uns auch eine Nachricht schreiben oder direkt einen Termin vereinbaren.<br \/>Kommen Sie vorbei \u2013 bei uns gibt\u2019s keine komplizierten Formulare, sondern pers\u00f6nliche Beratung.<\/p>\t\t\t\t\t\t\t\t<\/div>\n\t\t\t\t<div class=\"elementor-element elementor-element-0b1e647 elementor-widget__width-initial elementor-widget elementor-widget-text-editor\" data-id=\"0b1e647\" data-element_type=\"widget\" data-widget_type=\"text-editor.default\">\n\t\t\t\t\t\t\t\t\t<p style=\"font-weight: 400;\"><strong>Parkpl\u00e4tze<\/strong> direkt vorm Haus, und in der Einfahrt zur Plutostra\u00dfe, direkt am 1. Haus,<br \/>Parkplatz 4, unser Logo ist an der Hauswand.<\/p>\t\t\t\t\t\t\t\t<\/div>\n\t\t\t\t<div class=\"elementor-element elementor-element-02e386f elementor-widget elementor-widget-button\" data-id=\"02e386f\" data-element_type=\"widget\" data-widget_type=\"button.default\">\n\t\t\t\t\t\t\t\t\t\t<a class=\"elementor-button elementor-button-link elementor-size-sm elementor-animation-grow\" href=\"mailto:service@beratungsring-ev.de\">\n\t\t\t\t\t\t<span class=\"elementor-button-content-wrapper\">\n\t\t\t\t\t\t\t\t\t<span class=\"elementor-button-text\">Mail schreiben<\/span>\n\t\t\t\t\t<\/span>\n\t\t\t\t\t<\/a>\n\t\t\t\t\t\t\t\t<\/div>\n\t\t\t\t<div class=\"elementor-element elementor-element-4c12846 elementor-position-inline-start elementor-mobile-position-inline-start elementor-view-default elementor-widget elementor-widget-icon-box\" data-id=\"4c12846\" data-element_type=\"widget\" data-widget_type=\"icon-box.default\">\n\t\t\t\t\t\t\t<div class=\"elementor-icon-box-wrapper\">\n\n\t\t\t\t\t\t<div class=\"elementor-icon-box-icon\">\n\t\t\t\t<span  class=\"elementor-icon\">\n\t\t\t\t<svg aria-hidden=\"true\" class=\"e-font-icon-svg e-fas-phone-square\" viewBox=\"0 0 448 512\" xmlns=\"http:\/\/www.w3.org\/2000\/svg\"><path d=\"M400 32H48C21.49 32 0 53.49 0 80v352c0 26.51 21.49 48 48 48h352c26.51 0 48-21.49 48-48V80c0-26.51-21.49-48-48-48zM94 416c-7.033 0-13.057-4.873-14.616-11.627l-14.998-65a15 15 0 0 1 8.707-17.16l69.998-29.999a15 15 0 0 1 17.518 4.289l30.997 37.885c48.944-22.963 88.297-62.858 110.781-110.78l-37.886-30.997a15.001 15.001 0 0 1-4.289-17.518l30-69.998a15 15 0 0 1 17.16-8.707l65 14.998A14.997 14.997 0 0 1 384 126c0 160.292-129.945 290-290 290z\"><\/path><\/svg>\t\t\t\t<\/span>\n\t\t\t<\/div>\n\t\t\t\n\t\t\t\t\t\t<div class=\"elementor-icon-box-content\">\n\n\t\t\t\t\t\t\t\t\t<h3 class=\"elementor-icon-box-title\">\n\t\t\t\t\t\t<span  >\n\t\t\t\t\t\t\tTelefon\t\t\t\t\t\t<\/span>\n\t\t\t\t\t<\/h3>\n\t\t\t\t\n\t\t\t\t\t\t\t\t\t<p class=\"elementor-icon-box-description\">\n\t\t\t\t\t\t037298 \/ 17 35 60\t\t\t\t\t<\/p>\n\t\t\t\t\n\t\t\t<\/div>\n\t\t\t\n\t\t<\/div>\n\t\t\t\t\t\t<\/div>\n\t\t\t\t<div class=\"elementor-element elementor-element-62dd7f6 elementor-widget elementor-widget-spacer\" data-id=\"62dd7f6\" data-element_type=\"widget\" data-widget_type=\"spacer.default\">\n\t\t\t\t\t\t\t<div class=\"elementor-spacer\">\n\t\t\t<div class=\"elementor-spacer-inner\"><\/div>\n\t\t<\/div>\n\t\t\t\t\t\t<\/div>\n\t\t\t\t\t<\/div>\n\t\t\t\t<\/div>\n\t\t<div class=\"elementor-element elementor-element-1769e30 e-flex e-con-boxed wpr-particle-no wpr-jarallax-no wpr-parallax-no wpr-sticky-section-no e-con e-parent\" data-id=\"1769e30\" data-element_type=\"container\">\n\t\t\t\t\t<div class=\"e-con-inner\">\n\t\t\t\t\t<\/div>\n\t\t\t\t<\/div>\n\t\t<div class=\"elementor-element elementor-element-0a3d5f7 e-flex e-con-boxed wpr-particle-no wpr-jarallax-no wpr-parallax-no wpr-sticky-section-no e-con e-parent\" data-id=\"0a3d5f7\" data-element_type=\"container\">\n\t\t\t\t\t<div class=\"e-con-inner\">\n\t\t\t\t<div class=\"elementor-element elementor-element-be3ac9b elementor-widget elementor-widget-heading\" data-id=\"be3ac9b\" data-element_type=\"widget\" data-widget_type=\"heading.default\">\n\t\t\t\t\t<h2 class=\"elementor-heading-title elementor-size-default\"><a href=\"https:\/\/beratungsring-ev.de\/?page_id=273\">Impressum<\/a><\/h2>\t\t\t\t<\/div>\n\t\t\t\t\t<\/div>\n\t\t\t\t<\/div>\n\t\t<div class=\"elementor-element elementor-element-e7ce5fb e-flex e-con-boxed wpr-particle-no wpr-jarallax-no wpr-parallax-no wpr-sticky-section-no e-con e-parent\" data-id=\"e7ce5fb\" data-element_type=\"container\" data-settings=\"{&quot;background_background&quot;:&quot;classic&quot;}\">\n\t\t\t\t\t<div class=\"e-con-inner\">\n\t\t\t\t<div class=\"elementor-element elementor-element-30c9347 elementor-widget elementor-widget-heading\" data-id=\"30c9347\" data-element_type=\"widget\" data-widget_type=\"heading.default\">\n\t\t\t\t\t<h2 class=\"elementor-heading-title elementor-size-default\">Gib hier deine \u00dcberschrift ein<\/h2>\t\t\t\t<\/div>\n\t\t\t\t\t<\/div>\n\t\t\t\t<\/div>\n\t\t<div class=\"elementor-element elementor-element-ad2fb0d e-flex e-con-boxed wpr-particle-no wpr-jarallax-no wpr-parallax-no wpr-sticky-section-no e-con e-parent\" data-id=\"ad2fb0d\" data-element_type=\"container\">\n\t\t\t\t\t<div class=\"e-con-inner\">\n\t\t\t\t\t<\/div>\n\t\t\t\t<\/div>\n\t\t\t\t<\/div>\n\t\t","protected":false},"excerpt":{"rendered":"<p>Steuern sind f\u00fcr viele ein l\u00e4stiges Thema &#8230; f\u00fcr uns nicht! Herzlich willkommen beim Lohnsteuerhilfeverein \u201eBeratungs-Ring\u201c e.V. Wir k\u00fcmmern uns darum, dass Sie Ihre Steuererkl\u00e4rung stressfrei erledigen k\u00f6nnen und dabei kein Geld verschenken. Bei uns stehen Sie im Mittelpunkt:\u00a0 Wir nehmen uns Zeit f\u00fcr Ihre Fragen erkl\u00e4ren verst\u00e4ndlich und ohne Fachchinesisch finden gemeinsam die beste L\u00f6sung f\u00fcr Ihre steuerliche Situation &#8230; Ob Arbeitnehmer, Azubi, Rentner oder Pension\u00e4r \u2013 wir sind f\u00fcr Sie da und begleiten Sie Schritt f\u00fcr Schritt. So wird aus dem \u201eSteuerdschungel\u201c ein klarer, einfacher Weg. Schauen Sie doch einfach mal bei uns vorbei \u2013 wir freuen uns auf Sie! Wir freuen uns schon auf die neuen Erkl\u00e4rungen und Ihren Besuch bei uns. Wir erstellen die Erkl\u00e4rungen f\u00fcr 2025 ab M\u00e4rz 2026. Bitte vereinbaren Sie schon jetzt einen Termin bei uns! Ihr Team des Lohnsteuerhilfevereins\u00a0 Wir beraten Sie gern zu folgenden Zeiten: Montag: \u00a0 \u00a0 \u00a0\u00a0 9.00 &#8211; 12.00 und 16.00 &#8211; 18.00 Uhr Dienstag bis Donnerstag: \u00a0 \u00a0 \u00a0\u00a0 9:00 &#8211; 18:00 Uhr Gern k\u00f6nnen Sie uns auch eine Nachricht schreiben oder direkt einen Termin vereinbaren.Kommen Sie vorbei \u2013 bei uns gibt\u2019s keine komplizierten Formulare, sondern pers\u00f6nliche Beratung. Parkpl\u00e4tze direkt vorm Haus, und in der Einfahrt zur Plutostra\u00dfe, direkt am 1. Haus,Parkplatz 4, unser Logo ist an der Hauswand. Mail schreiben Telefon 037298 \/ 17 35 60 Impressum Gib hier deine \u00dcberschrift ein<\/p>\n","protected":false},"author":2,"featured_media":0,"parent":0,"menu_order":0,"comment_status":"closed","ping_status":"closed","template":"","meta":{"ocean_post_layout":"full-screen","ocean_both_sidebars_style":"","ocean_both_sidebars_content_width":0,"ocean_both_sidebars_sidebars_width":0,"ocean_sidebar":"","ocean_second_sidebar":"","ocean_disable_margins":"enable","ocean_add_body_class":"","ocean_shortcode_before_top_bar":"","ocean_shortcode_after_top_bar":"","ocean_shortcode_before_header":"","ocean_shortcode_after_header":"","ocean_has_shortcode":"","ocean_shortcode_after_title":"","ocean_shortcode_before_footer_widgets":"","ocean_shortcode_after_footer_widgets":"","ocean_shortcode_before_footer_bottom":"","ocean_shortcode_after_footer_bottom":"","ocean_display_top_bar":"off","ocean_display_header":"default","ocean_header_style":"","ocean_center_header_left_menu":"","ocean_custom_header_template":"","ocean_custom_logo":0,"ocean_custom_retina_logo":0,"ocean_custom_logo_max_width":0,"ocean_custom_logo_tablet_max_width":0,"ocean_custom_logo_mobile_max_width":0,"ocean_custom_logo_max_height":0,"ocean_custom_logo_tablet_max_height":0,"ocean_custom_logo_mobile_max_height":0,"ocean_header_custom_menu":"","ocean_menu_typo_font_family":"","ocean_menu_typo_font_subset":"","ocean_menu_typo_font_size":0,"ocean_menu_typo_font_size_tablet":0,"ocean_menu_typo_font_size_mobile":0,"ocean_menu_typo_font_size_unit":"px","ocean_menu_typo_font_weight":"","ocean_menu_typo_font_weight_tablet":"","ocean_menu_typo_font_weight_mobile":"","ocean_menu_typo_transform":"","ocean_menu_typo_transform_tablet":"","ocean_menu_typo_transform_mobile":"","ocean_menu_typo_line_height":0,"ocean_menu_typo_line_height_tablet":0,"ocean_menu_typo_line_height_mobile":0,"ocean_menu_typo_line_height_unit":"","ocean_menu_typo_spacing":0,"ocean_menu_typo_spacing_tablet":0,"ocean_menu_typo_spacing_mobile":0,"ocean_menu_typo_spacing_unit":"","ocean_menu_link_color":"","ocean_menu_link_color_hover":"","ocean_menu_link_color_active":"","ocean_menu_link_background":"","ocean_menu_link_hover_background":"","ocean_menu_link_active_background":"","ocean_menu_social_links_bg":"","ocean_menu_social_hover_links_bg":"","ocean_menu_social_links_color":"","ocean_menu_social_hover_links_color":"","ocean_disable_title":"on","ocean_disable_heading":"default","ocean_post_title":"","ocean_post_subheading":"","ocean_post_title_style":"","ocean_post_title_background_color":"","ocean_post_title_background":0,"ocean_post_title_bg_image_position":"","ocean_post_title_bg_image_attachment":"","ocean_post_title_bg_image_repeat":"","ocean_post_title_bg_image_size":"","ocean_post_title_height":0,"ocean_post_title_bg_overlay":0.5,"ocean_post_title_bg_overlay_color":"","ocean_disable_breadcrumbs":"default","ocean_breadcrumbs_color":"","ocean_breadcrumbs_separator_color":"","ocean_breadcrumbs_links_color":"","ocean_breadcrumbs_links_hover_color":"","ocean_display_footer_widgets":"off","ocean_display_footer_bottom":"off","ocean_custom_footer_template":"","footnotes":""},"class_list":["post-11","page","type-page","status-publish","hentry","entry"],"_links":{"self":[{"href":"https:\/\/beratungsring-ev.de\/index.php?rest_route=\/wp\/v2\/pages\/11","targetHints":{"allow":["GET"]}}],"collection":[{"href":"https:\/\/beratungsring-ev.de\/index.php?rest_route=\/wp\/v2\/pages"}],"about":[{"href":"https:\/\/beratungsring-ev.de\/index.php?rest_route=\/wp\/v2\/types\/page"}],"author":[{"embeddable":true,"href":"https:\/\/beratungsring-ev.de\/index.php?rest_route=\/wp\/v2\/users\/2"}],"replies":[{"embeddable":true,"href":"https:\/\/beratungsring-ev.de\/index.php?rest_route=%2Fwp%2Fv2%2Fcomments&post=11"}],"version-history":[{"count":243,"href":"https:\/\/beratungsring-ev.de\/index.php?rest_route=\/wp\/v2\/pages\/11\/revisions"}],"predecessor-version":[{"id":616,"href":"https:\/\/beratungsring-ev.de\/index.php?rest_route=\/wp\/v2\/pages\/11\/revisions\/616"}],"wp:attachment":[{"href":"https:\/\/beratungsring-ev.de\/index.php?rest_route=%2Fwp%2Fv2%2Fmedia&parent=11"}],"curies":[{"name":"wp","href":"https:\/\/api.w.org\/{rel}","templated":true}]}}